{"id":8260,"date":"2020-05-22T09:30:46","date_gmt":"2020-05-22T07:30:46","guid":{"rendered":"https:\/\/osorio.libreriaherso.com\/portal\/?post_type=product&#038;p=8260"},"modified":"2025-02-08T10:34:46","modified_gmt":"2025-02-08T09:34:46","slug":"el-gran-libro-de-coaching-inteligencia-emocional-y-pnl","status":"publish","type":"product","link":"https:\/\/osorio.libreriaherso.com\/portal\/producto\/el-gran-libro-de-coaching-inteligencia-emocional-y-pnl\/","title":{"rendered":"V- EL GRAN LIBRO DE COACHING. INTELIGENCIA EMOCIONAL Y PNL"},"content":{"rendered":"<div class=\"container\">\n<div id=\"contenido\">\n<div class=\"bloquelibro\">\n<div id=\"fichalibro\" class=\"row\">\n<dl id=\"ficha_libro\" class=\"book_results col-sm-9\">\n<dt>T\u00edtulo<\/dt>\n<dd class=\"title\">El Gran Libro de Coaching, Inteligencia Emocional y PNL. Din\u00e1micas y Herramientas<\/dd>\n<dt>Autor<\/dt>\n<dd class=\"author\">Jurado Fern\u00e1ndez, Enrique \/ Cobos Aguirre, Arantxa \/ Jim\u00e9nez Moreno, Laura<\/dd>\n<\/dl>\n<\/div>\n<\/div>\n<\/div>\n<\/div>\n","protected":false},"excerpt":{"rendered":"<p>T\u00edtulo El Gran Libro de Coaching, Inteligencia Emocional y PNL. Din\u00e1micas y Herramientas Autor Jurado Fern\u00e1ndez, Enrique \/ Cobos Aguirre, Arantxa \/ Jim\u00e9nez Moreno, Laura<\/p>\n","protected":false},"featured_media":8261,"template":"","meta":[],"product_cat":[15],"product_tag":[],"_links":{"self":[{"href":"https:\/\/osorio.libreriaherso.com\/portal\/wp-json\/wp\/v2\/product\/8260"}],"collection":[{"href":"https:\/\/osorio.libreriaherso.com\/portal\/wp-json\/wp\/v2\/product"}],"about":[{"href":"https:\/\/osorio.libreriaherso.com\/portal\/wp-json\/wp\/v2\/types\/product"}],"wp:featuredmedia":[{"embeddable":true,"href":"https:\/\/osorio.libreriaherso.com\/portal\/wp-json\/wp\/v2\/media\/8261"}],"wp:attachment":[{"href":"https:\/\/osorio.libreriaherso.com\/portal\/wp-json\/wp\/v2\/media?parent=8260"}],"wp:term":[{"taxonomy":"product_cat","embeddable":true,"href":"https:\/\/osorio.libreriaherso.com\/portal\/wp-json\/wp\/v2\/product_cat?post=8260"},{"taxonomy":"product_tag","embeddable":true,"href":"https:\/\/osorio.libreriaherso.com\/portal\/wp-json\/wp\/v2\/product_tag?post=8260"}],"curies":[{"name":"wp","href":"https:\/\/api.w.org\/{rel}","templated":true}]}}