{"id":7571,"date":"2020-04-01T16:58:49","date_gmt":"2020-04-01T14:58:49","guid":{"rendered":"https:\/\/osorio.libreriaherso.com\/portal\/?post_type=product&#038;p=7571"},"modified":"2021-04-16T17:50:31","modified_gmt":"2021-04-16T15:50:31","slug":"w-tierra-eloy-moreno","status":"publish","type":"product","link":"https:\/\/osorio.libreriaherso.com\/portal\/producto\/w-tierra-eloy-moreno\/","title":{"rendered":"w TIERRA ELOY MORENO"},"content":{"rendered":"<p>El problema de buscar la verdad es encontrarla y no saber qu\u00e9 hacer con ella Una novela que cambiar\u00e1 tu forma de ver el mundo Querido lector, Tienes en tus manos una novela que plantea preguntas dif\u00edciles de responder; una novela que habla sobre esas verdades que, a pesar de buscar, preferir\u00edamos no encontrar. No puedo explicarte de qu\u00e9 trata este libro porque eso romper\u00eda su magia, pero te aseguro que, cuando acabes de leerlo, ver\u00e1s el mundo de forma distinta.<\/p>\n","protected":false},"excerpt":{"rendered":"<p>El problema de buscar la verdad es encontrarla y no saber qu\u00e9 hacer con ella Una novela que cambiar\u00e1 tu forma de ver el mundo Querido lector, Tienes en tus manos una novela que plantea preguntas dif\u00edciles de responder; una novela que habla sobre esas verdades que, a pesar de buscar, preferir\u00edamos no encontrar. No [&hellip;]<\/p>\n","protected":false},"featured_media":7572,"template":"","meta":[],"product_cat":[15],"product_tag":[],"_links":{"self":[{"href":"https:\/\/osorio.libreriaherso.com\/portal\/wp-json\/wp\/v2\/product\/7571"}],"collection":[{"href":"https:\/\/osorio.libreriaherso.com\/portal\/wp-json\/wp\/v2\/product"}],"about":[{"href":"https:\/\/osorio.libreriaherso.com\/portal\/wp-json\/wp\/v2\/types\/product"}],"wp:featuredmedia":[{"embeddable":true,"href":"https:\/\/osorio.libreriaherso.com\/portal\/wp-json\/wp\/v2\/media\/7572"}],"wp:attachment":[{"href":"https:\/\/osorio.libreriaherso.com\/portal\/wp-json\/wp\/v2\/media?parent=7571"}],"wp:term":[{"taxonomy":"product_cat","embeddable":true,"href":"https:\/\/osorio.libreriaherso.com\/portal\/wp-json\/wp\/v2\/product_cat?post=7571"},{"taxonomy":"product_tag","embeddable":true,"href":"https:\/\/osorio.libreriaherso.com\/portal\/wp-json\/wp\/v2\/product_tag?post=7571"}],"curies":[{"name":"wp","href":"https:\/\/api.w.org\/{rel}","templated":true}]}}