{"id":58,"date":"2019-09-06T19:24:37","date_gmt":"2019-09-06T17:24:37","guid":{"rendered":"https:\/\/osorio.libreriaherso.com\/portal\/?post_type=product&#038;p=58"},"modified":"2026-04-04T15:47:04","modified_gmt":"2026-04-04T13:47:04","slug":"unas-matematicas-para-todos","status":"publish","type":"product","link":"https:\/\/osorio.libreriaherso.com\/portal\/producto\/unas-matematicas-para-todos\/","title":{"rendered":"Unas Matem\u00e1ticas para Todos 2 libros (libro y ejercicios). Edicion 2025\/2026"},"content":{"rendered":"<p>\u201cUnas Matem\u00e1ticas Para Todos\u201d no es un libro de texto normal y corriente\u2026 Se trata de un libro dise\u00f1ado por especialistas y apasionados de las ciencias que pretenden hacer del camino de 2\u00b0 de bachillerato y Selectividad\u2026 \u00a1\u00a1UN PASEO!!<br \/>\nNo debe extra\u00f1arte si de forma inesperada te encuentras chistes, expresiones coloquiales o mensajes para mantenerte siempre motivado y alerta\u2026<br \/>\n\u00a1\u00a1OJO!! Eso no implica que no mantengamos siempre el m\u00e1ximo rigor cient\u00edfico.<br \/>\nQueremos acompa\u00f1arte en tu proceso de maduraci\u00f3n \u201cmatem\u00e1tico\u201d y hacerte ver que cuando una asignatura la entiendes y la dominas\u2026. \u00a1\u00a1TE ENCANTA!!<br \/>\nEl tama\u00f1o final del libro nos ha obligado a estructurarlo en dos vol\u00famenes para que su estudio resulte pr\u00e1ctico y c\u00f3modo:<br \/>\nVolumen I. An\u00e1lisis (7 temas + Tema introductorio). 332 p\u00e1ginas.<br \/>\nVolumen II. \u00c1lgebra y Geometr\u00eda. Probabilidad y Estad\u00edstica (10 temas). 356 p\u00e1ginas.<br \/>\nEs fundamental entender el marco te\u00f3rico de cada tema. Para ello, cada volumen desarrolla y comenta toda la teor\u00eda acompa\u00f1ando cada apartado con los ejemplos m\u00e1s representativos para completar la explicaci\u00f3n de forma ilustrativa.<br \/>\nTodos los problemas que exponemos en el libro est\u00e1n totalmente resueltos por pasos y con el ambicioso objetivo de eliminar o aclarar los \u201cpuntos ciegos\u201d que pueden hacer que el estudiante se pierda en la explicaci\u00f3n.<br \/>\nUna vez entendido el tema y practicado los m\u00faltiples ejercicios que hemos preparado para ti, estar\u00e1s en disposici\u00f3n de enfrentarte a cualquier problema que puedan plantearte. Daremos mucha importancia a los ejercicios \u201ccl\u00e1sicos\u201d de Selectividad e iremos aumentando progresivamente la dificultad hasta llegar al \u201cnivel full\u201d.<br \/>\nAdem\u00e1s, hemos incluido el apartado \u201cRemix\u201d de ejercicios que te ayudar\u00e1 a evaluar tu avance. Al final de cada bloque encontrar\u00e1s otro \u201cRemix de Bloque\u201d dise\u00f1ado a ra\u00edz de las pruebas de evaluaci\u00f3n del bachillerato de los \u00faltimos a\u00f1os y es indicativo de lo que pensamos que caer\u00e1 el presente a\u00f1o 2026. Quien sabe\u2026 \u00bfno?<br \/>\nPor \u00faltimo, esta novena edici\u00f3n cuenta con dos cap\u00edtulos especiales en cada volumen en el que hemos analizado, recopilado y resuelto las preguntas clave de las \u201cPruebas de Acceso a la Universidad\u201d de los a\u00f1os 2018-2024 y problemas competenciales del 2025.<br \/>\nComplementando este manual con la metodolog\u00eda y explicaciones de tu profesor y\/o centro de estudios, estamos seguros de que conseguir\u00e1s una excelente nota\u2026<br \/>\nHas apostado y confiado en nosotros y\u2026 \u00a1\u00a1No vamos a decepcionarte!!<\/p>\n","protected":false},"excerpt":{"rendered":"<p><strong>Metodolog\u00eda \u201cUnas matematicas Para Todos\u201d<\/strong><br \/>\n<strong>\u00bfQuieres conseguir el m\u00e1ximo rendimiento en Matematicas?<\/strong><\/p>\n<p>Descargar PDF&#8211;&gt;<a href=\"https:\/\/osorio.libreriaherso.com\/portal\/wp-content\/uploads\/2024\/09\/2.-Matematicas.-Indice-temario-y-metodologia-2024-25.pdf\" target=\"_blank\" rel=\"noopener\">Pincha aqu\u00ed<\/a><\/p>\n<p>&nbsp;<\/p>\n","protected":false},"featured_media":12474,"template":"","meta":[],"product_cat":[15,28],"product_tag":[],"_links":{"self":[{"href":"https:\/\/osorio.libreriaherso.com\/portal\/wp-json\/wp\/v2\/product\/58"}],"collection":[{"href":"https:\/\/osorio.libreriaherso.com\/portal\/wp-json\/wp\/v2\/product"}],"about":[{"href":"https:\/\/osorio.libreriaherso.com\/portal\/wp-json\/wp\/v2\/types\/product"}],"wp:featuredmedia":[{"embeddable":true,"href":"https:\/\/osorio.libreriaherso.com\/portal\/wp-json\/wp\/v2\/media\/12474"}],"wp:attachment":[{"href":"https:\/\/osorio.libreriaherso.com\/portal\/wp-json\/wp\/v2\/media?parent=58"}],"wp:term":[{"taxonomy":"product_cat","embeddable":true,"href":"https:\/\/osorio.libreriaherso.com\/portal\/wp-json\/wp\/v2\/product_cat?post=58"},{"taxonomy":"product_tag","embeddable":true,"href":"https:\/\/osorio.libreriaherso.com\/portal\/wp-json\/wp\/v2\/product_tag?post=58"}],"curies":[{"name":"wp","href":"https:\/\/api.w.org\/{rel}","templated":true}]}}