{"id":12472,"date":"2025-09-04T08:08:07","date_gmt":"2025-09-04T06:08:07","guid":{"rendered":"https:\/\/osorio.libreriaherso.com\/portal\/?post_type=product&#038;p=12472"},"modified":"2026-04-04T15:47:04","modified_gmt":"2026-04-04T13:47:04","slug":"una-biologia-para-todos-edicion-2025-2026","status":"publish","type":"product","link":"https:\/\/osorio.libreriaherso.com\/portal\/producto\/una-biologia-para-todos-edicion-2025-2026\/","title":{"rendered":"Una Biolog\u00eda para Todos. Edici\u00f3n 2025\/2026"},"content":{"rendered":"<p>Querido estudiante, te presentamos la tan esperada octava edici\u00f3n del libro \u201cUna Biolog\u00eda Para Todos\u201d. La obra que pretende ser la revoluci\u00f3n de la Biolog\u00eda al estar dise\u00f1ada por especialistas y apasionados de las ciencias. Despu\u00e9s de mucho esfuerzo, queremos ofrecerte el fruto de nuestro trabajo. Esperamos y deseamos que est\u00e9 a la altura de las expectativas de los miles de alumnos que lo han estado esperando este a\u00f1o. Este libro, cuyo \u00edndice se puede consultar en la siguiente p\u00e1gina, se estructura en 6 bloques y 12 temas de la siguiente forma: BLOQUES<br \/>\nTEMAS:<br \/>\n I. BIOMOL\u00c9CULAS 1 2 3 4<br \/>\nII. BIOLOG\u00cdA CELULAR 5 6<br \/>\nIII. METABOLISMO 7<br \/>\nIV. GEN\u00c9TICA MOLECULAR Y BIOTECNOLOG\u00cdA 8 9<br \/>\n V. INMUNOLOG\u00cdA 10<br \/>\nVI. GEN\u00c9TICA MENDELIANA Y EVOLUCI\u00d3N (solo entra en algunas comunidades)11 12<br \/>\n* Nuestro objetivo, por encima de todo, es transmitir la Biolog\u00eda de una forma amena, sencilla y manteniendo el m\u00e1ximo rigor cient\u00edfico. Somos conscientes del actual panorama para el acceso a la universidad, con notas en constante aumento, raz\u00f3n por la cual este libro est\u00e1 elaborado a partir de un profundo estudio de las Pruebas de Evaluaci\u00f3n del Bachillerato Para el Acceso a la Universidad de distintas comunidades aut\u00f3nomas. Esta octava edici\u00f3n del libro consta de 321 p\u00e1ginas en las que vamos a centrar nuestro estudio en los puntos clave de 2\u00b0 de Bachillerato y en la preparaci\u00f3n para la Selectividad 2026. Es decir, vamos a repasarlo todo, pero prestando especial atenci\u00f3n a lo imprescindible para obtener una excelente calificaci\u00f3n en esta prueba.<br \/>\n* Es fundamental entender el marco te\u00f3rico de cada tema ya que ello nos proporcionar\u00e1 las herramientas para construir nuestro propio conocimiento. Una vez adquirido, te sorprender\u00e1 la facilidad con la que podr\u00e1s resolver apartados del libro como \u201ccuestiones de razonamiento\u201d tan frecuentes en las PAU. En esta octava edici\u00f3n hemos incorporado dos cap\u00edtulos especiales en el que hemos analizado, recopilado y resuelto las preguntas clave de las \u201cPruebas de Acceso a la Universidad\u201d de los a\u00f1os 2022-2024 y problemas competenciales del 2025.<br \/>\nEs necesario fijarse detenidamente en cada imagen del libro para reconocer cada elemento o proceso y que as\u00ed las pr\u00e1cticas nos salgan \u201ccomo churros\u201d. Presta mucha atenci\u00f3n a los mensajes \u201cimportante\u201d y \u201cremix\u201d que nos ayudar\u00e1n a fijar los conceptos.<br \/>\n* Queremos acompa\u00f1arte en estos meses previos a la Selectividad 2026\u2026 por esa raz\u00f3n, la contraportada contiene un c\u00f3digo QR en la que hemos creado un espacio en la web para la familia de \u201cUna Biolog\u00eda Para Todos\u201d donde os comunicaremos cualquier ampliaci\u00f3n, mejora, modificaci\u00f3n, actualizaci\u00f3n, particularidades espec\u00edficas en el temario de comunidades concretas (si lo vemos oportuno), as\u00ed como posibles errores o erratas cometidas en la obra.<br \/>\nTambi\u00e9n esperamos tener una continua interacci\u00f3n con vosotros mediante el formulario que hemos dise\u00f1ado para ir mejorando la presente edici\u00f3n con vuestras opiniones y consejos.<br \/>\nComplementando este manual con la metodolog\u00eda y explicaciones de tu profesor y\/o centro de estudios, estamos seguros de que conseguir\u00e1s una excelente nota\u2026<br \/>\nHas apostado y confiado en nosotros y\u2026 \u00a1\u00a1No vamos a decepcionarte!!<\/p>\n","protected":false},"excerpt":{"rendered":"<p><strong>Metodolog\u00eda \u201cUna Biolog\u00eda Para Todos\u201d<\/strong><br \/>\n<strong>\u00bfQuieres conseguir el m\u00e1ximo rendimiento en Biolog\u00eda?<\/strong><\/p>\n<p>Descargar PDF&#8211;&gt;<a href=\"https:\/\/osorio.libreriaherso.com\/portal\/wp-content\/uploads\/2025\/09\/4.-Biologia.-Indice-temario-y-metodologia-2025-26.pdf\" target=\"_blank\" rel=\"noopener\">Pincha aqui<\/a><\/p>\n<p>&nbsp;<\/p>\n","protected":false},"featured_media":12473,"template":"","meta":[],"product_cat":[15,28],"product_tag":[],"_links":{"self":[{"href":"https:\/\/osorio.libreriaherso.com\/portal\/wp-json\/wp\/v2\/product\/12472"}],"collection":[{"href":"https:\/\/osorio.libreriaherso.com\/portal\/wp-json\/wp\/v2\/product"}],"about":[{"href":"https:\/\/osorio.libreriaherso.com\/portal\/wp-json\/wp\/v2\/types\/product"}],"wp:featuredmedia":[{"embeddable":true,"href":"https:\/\/osorio.libreriaherso.com\/portal\/wp-json\/wp\/v2\/media\/12473"}],"wp:attachment":[{"href":"https:\/\/osorio.libreriaherso.com\/portal\/wp-json\/wp\/v2\/media?parent=12472"}],"wp:term":[{"taxonomy":"product_cat","embeddable":true,"href":"https:\/\/osorio.libreriaherso.com\/portal\/wp-json\/wp\/v2\/product_cat?post=12472"},{"taxonomy":"product_tag","embeddable":true,"href":"https:\/\/osorio.libreriaherso.com\/portal\/wp-json\/wp\/v2\/product_tag?post=12472"}],"curies":[{"name":"wp","href":"https:\/\/api.w.org\/{rel}","templated":true}]}}