{"id":12466,"date":"2025-09-04T07:50:58","date_gmt":"2025-09-04T05:50:58","guid":{"rendered":"https:\/\/osorio.libreriaherso.com\/portal\/?post_type=product&#038;p=12466"},"modified":"2026-02-13T20:05:44","modified_gmt":"2026-02-13T19:05:44","slug":"una-fisica-para-todos-2-tomos-2025-26-2-libros","status":"publish","type":"product","link":"https:\/\/osorio.libreriaherso.com\/portal\/producto\/una-fisica-para-todos-2-tomos-2025-26-2-libros\/","title":{"rendered":"Una F\u00edsica para todos 2 tomos 2025\/26 (2 libros)"},"content":{"rendered":"<p>\u201cUna F\u00edsica Para Todos\u201d no es un libro de texto normal y corriente\u2026 Se trata de un libro dise\u00f1ado por especialistas y apasionados de las ciencias que pretenden hacer del camino de 2\u00b0 de bachillerato y Selectividad\u2026 \u00a1\u00a1UN PASEO!!<br \/>\nNo debe extra\u00f1arte si de forma inesperada te encuentras chistes, expresiones coloquiales o mensajes para mantenerte siempre motivado y alerta\u2026<br \/>\n\u00a1\u00a1OJO!! Eso no implica que no mantengamos siempre el m\u00e1ximo rigor cient\u00edfico.<br \/>\nQueremos acompa\u00f1arte en tu proceso de maduraci\u00f3n \u201cf\u00edsico\u201d y hacerte ver que cuando una asignatura la entiendes y la dominas\u2026. \u00a1\u00a1TE ENCANTA!!<br \/>\nEl tama\u00f1o final del libro nos ha obligado a estructurarlo en dos vol\u00famenes para que su estudio resulte pr\u00e1ctico y c\u00f3modo:<br \/>\nVolumen I. Mec\u00e1nica y Campos (5 temas + Tema introductorio). 323 p\u00e1ginas.<br \/>\nVolumen II. Ondas, \u00d3ptica y F\u00edsica Moderna (8 temas). 254 p\u00e1ginas.<br \/>\nEs fundamental entender el marco te\u00f3rico de cada tema. Para ello, cada volumen desarrolla y comenta toda la teor\u00eda acompa\u00f1ando cada apartado con los ejemplos m\u00e1s representativos para completar la explicaci\u00f3n de forma ilustrativa.<br \/>\nTodos los problemas que exponemos en el libro est\u00e1n totalmente resueltos por pasos y con el ambicioso objetivo de eliminar o aclarar los \u201cpuntos ciegos\u201d que pueden hacer que el estudiante se pierda en la explicaci\u00f3n.<br \/>\nUna vez entendido el tema y practicado los m\u00faltiples ejercicios que hemos preparado para ti, estar\u00e1s en disposici\u00f3n de enfrentarte a cualquier problema que puedan plantearte. Daremos mucha importancia a los ejercicios \u201ccl\u00e1sicos\u201d de Selectividad e iremos aumentando progresivamente la dificultad hasta llegar al \u201cnivel full\u201d.<br \/>\nAl final de cada tema encontrar\u00e1s un formulario con las f\u00f3rmulas m\u00e1s importantes del tema a tener en cuenta y un valioso apartado de \u201cEjercicios del tema\u201d con numerosos problemas y cuestiones que te ayudar\u00e1n a evaluar tu avance. Estos ejercicios est\u00e1n dise\u00f1ados a ra\u00edz de las pruebas de evaluaci\u00f3n del bachillerato de los \u00faltimos a\u00f1os y es indicativo de lo que pensamos que caer\u00e1 el presente a\u00f1o 2026. Quien sabe\u2026 \u00bfno?<br \/>\nPor \u00faltimo, esta sexta edici\u00f3n cuenta con dos cap\u00edtulos especiales en cada volumen en el que hemos analizado, recopilado y resuelto las preguntas clave de las \u201cPruebas de Acceso a la Universidad\u201d de los a\u00f1os 2021-2024 y problemas competenciales del 2025.<br \/>\nComplementando este manual con la metodolog\u00eda y explicaciones de tu profesor y\/o centro de estudios, estamos seguros de que conseguir\u00e1s una excelente nota\u2026<br \/>\nHas apostado y confiado en nosotros y\u2026 \u00a1\u00a1No vamos a decepcionarte!!<\/p>\n<p>BLOQUE DE INTRODUCCI\u00d3N Y MEC\u00c1NICA TEMA 0. INTRODUCCI\u00d3N. VECTORES EN F\u00cdSICA\u2026\u2026\u2026\u2026\u2026\u2026\u2026\u2026\u2026.\u2026. 9<br \/>\nTEMA 1. MEC\u00c1NICA. 1.1. CINEM\u00c1TICA\u2026&#8230;&#8230;&#8230;&#8230;&#8230;&#8230;\u2026\u2026\u2026\u2026\u2026\u2026&#8230; 27<br \/>\nTEMA 1. MEC\u00c1NICA. 1.2. DIN\u00c1MICA\u2026&#8230;&#8230;&#8230;&#8230;&#8230;&#8230;&#8230;&#8230;&#8230;&#8230;&#8230;&#8230;&#8230;. 43<br \/>\nTEMA 1. MEC\u00c1NICA. 1.3. TRABAJO Y ENERG\u00cdA\u2026&#8230;&#8230;&#8230;&#8230;&#8230;&#8230;&#8230;&#8230;. 65<br \/>\nBLOQUE DE CAMPOS TEMA 2. CAMPO GRAVITATORIO\u2026\u2026\u2026\u2026\u2026\u2026\u2026\u2026.\u2026\u2026\u2026\u2026\u2026\u2026\u2026.\u2026\u2026. 83<br \/>\nTEMA 3. CAMPO EL\u00c9CTRICO\u2026&#8230;&#8230;&#8230;&#8230;&#8230;&#8230;\u2026\u2026\u2026\u2026.\u2026\u2026\u2026\u2026\u2026\u2026\u2026&#8230; 135<br \/>\nTEMA 4. CAMPO MAGN\u00c9TICO\u2026&#8230;&#8230;&#8230;&#8230;&#8230;&#8230;&#8230;&#8230;&#8230;&#8230;&#8230;&#8230;&#8230;&#8230;&#8230;&#8230; 195<br \/>\nTEMA 5. INDUCCI\u00d3N ELECTROMAGN\u00c9TICA\u2026&#8230;&#8230;&#8230;&#8230;&#8230;&#8230;&#8230;&#8230;&#8230;. 249<br \/>\nPREPARACI\u00d3N PARA LAS PRUEBAS DE ACCESO A LA UNIVERSIDAD PREPARACI\u00d3N PARA LAS PRUEBAS DE ACCESO A LA UNIVERSIDAD PAU 2021-2024&#8230;&#8230;&#8230;&#8230;\u2026\u2026\u2026\u2026\u2026\u2026\u2026\u2026\u2026\u2026\u2026\u2026\u2026\u2026\u2026\u2026..\u2026\u2026.\u2026\u2026\u2026. 277<br \/>\nPREPARACI\u00d3N PARA LAS PRUEBAS DE ACCESO A LA UNIVERSIDAD EJERCICIOS COMPETENCIALES PAU 2025\u2026\u2026\u2026.\u2026\u2026\u2026\u2026.\u2026\u2026\u2026\u2026\u2026 313<\/p>\n<p>Descargar PDF&#8211;&gt; <a href=\"https:\/\/osorio.libreriaherso.com\/portal\/wp-content\/uploads\/2025\/09\/5.-Fisica.-Indice-temario-y-metodologia-2025-26.pdf\" target=\"_blank\" rel=\"noopener\">Pincha aqu\u00ed<\/a><\/p>\n","protected":false},"excerpt":{"rendered":"<p><strong>Metodolog\u00eda \u201cUna F\u00edsica Para Todos\u201d<\/strong><br \/>\n<strong>\u00bfQuieres conseguir el m\u00e1ximo rendimiento en F\u00edsica?<\/strong><\/p>\n<p>Pruebas de Evaluaci\u00f3n del Bachillerato para el Acceso a la Universidad<\/p>\n<p>Descargar PDF&#8211;&gt; <a href=\"https:\/\/osorio.libreriaherso.com\/portal\/wp-content\/uploads\/2025\/09\/5.-Fisica.-Indice-temario-y-metodologia-2025-26.pdf\" target=\"_blank\" rel=\"noopener\">Pincha aqu\u00ed<\/a><\/p>\n<p>&nbsp;<\/p>\n","protected":false},"featured_media":12467,"template":"","meta":[],"product_cat":[15,28],"product_tag":[25],"_links":{"self":[{"href":"https:\/\/osorio.libreriaherso.com\/portal\/wp-json\/wp\/v2\/product\/12466"}],"collection":[{"href":"https:\/\/osorio.libreriaherso.com\/portal\/wp-json\/wp\/v2\/product"}],"about":[{"href":"https:\/\/osorio.libreriaherso.com\/portal\/wp-json\/wp\/v2\/types\/product"}],"wp:featuredmedia":[{"embeddable":true,"href":"https:\/\/osorio.libreriaherso.com\/portal\/wp-json\/wp\/v2\/media\/12467"}],"wp:attachment":[{"href":"https:\/\/osorio.libreriaherso.com\/portal\/wp-json\/wp\/v2\/media?parent=12466"}],"wp:term":[{"taxonomy":"product_cat","embeddable":true,"href":"https:\/\/osorio.libreriaherso.com\/portal\/wp-json\/wp\/v2\/product_cat?post=12466"},{"taxonomy":"product_tag","embeddable":true,"href":"https:\/\/osorio.libreriaherso.com\/portal\/wp-json\/wp\/v2\/product_tag?post=12466"}],"curies":[{"name":"wp","href":"https:\/\/api.w.org\/{rel}","templated":true}]}}