{"id":98,"date":"2019-09-09T18:20:56","date_gmt":"2019-09-09T16:20:56","guid":{"rendered":"https:\/\/osorio.libreriaherso.com\/portal\/?page_id=98"},"modified":"2019-09-09T18:20:56","modified_gmt":"2019-09-09T16:20:56","slug":"responsabilidad-social","status":"publish","type":"page","link":"https:\/\/osorio.libreriaherso.com\/portal\/responsabilidad-social\/","title":{"rendered":"Responsabilidad social"},"content":{"rendered":"<p><strong>Colaboramos con Hermandad de Donantes de Sangre de Albacete<\/strong><br>Firmamos un convenio con la Hermandad de Donantes, presentando tu carnet de donante te beneficias de un 5% de descuento en librer\u00eda y un 10% en papeler\u00eda.<br>Adem\u00e1s promovemos la lectura en la sala de donaciones llevando primeros cap\u00edtulos de libros para que los donantes puedan leer all\u00ed y llev\u00e1rselos a casa si lo desean.<br>El lema de nuestra campa\u00f1a dice:&nbsp;<strong>De dos cosas no te arrepentir\u00e1s, ni de leer ni de donar<\/strong>.<\/p><p><strong>Colaboramos con la ONG TWO WEEKS con la venta de felicitaciones de navidad solidarias y rifas a beneficio de la misma<\/strong><br>TWOWEEKS trabaja principalmente con orfanatos en Sud\u00e1frica que cuidan a ni\u00f1os afectados por el VIH \/ SIDA y presta asistencia a las organizaciones que brindan atenci\u00f3n y apoyo a las comunidades de su entorno.<\/p><p><strong>Colaboramos con CRUZ ROJA ESPA\u00f1OLA (ALBACETE) como empresa comprometida en la inserci\u00f3n socio-laboral de personas en riesgo de exclusi\u00f3n<\/strong><\/p><p><strong>Participamos en el Crowfunding de la ONG KIPEE en su proyecto de Ayuda contra la Malaria en Kayole, Kenia (2015)<\/strong><br><a href=\"http:\/\/www.kipekee.org\/\" target=\"_blank\" rel=\"noreferrer noopener\">Mas info: www.kipee.org<\/a><br><a href=\"https:\/\/www.facebook.com\/kipekeeong\" target=\"_blank\" rel=\"noreferrer noopener\">Facebook de la ONG<\/a><\/p><p><strong>Ayudamos a la Asociaci\u00f3n de Padres del Colegio Severo Ochoa, Albacete<\/strong><\/p><p><strong>Ayudamos a la Asociaci\u00f3n de Padres del Instituto Andr\u00e9s de Vandelvira, Albacete<\/strong><\/p><p><strong>T\u00f3mbola de Productos Manchegos, organizado por El Tel\u00e9fono de la Esperanza, Feria de Albacete 2013<\/strong><\/p><p><strong>Donaci\u00f3n a la Fundaci\u00f3n WIKIMEDIA (Wikipedia)<\/strong><br>Debes saber que esta donaci\u00f3n no est\u2021 cubriendo solamente tus costes. El donante medio est\u00e1 pagando por su propio uso de Wikipedia mas el coste de otros cientos de personas. Tu donaci\u00f3n hace que Wikipedia siga disponible para: una ambiciosa ni\u00f1a en Bangalore que aprende programaci\u00f3n inform\u00e1tica de forma autodidacta, una ama de casa de mediana edad en Viena a quien le acaban de diagnosticar la Enfermedad de Parkinson, un novelista buscando informaci\u00f3n sobre la Gran Breta\u00f1a de 1850 o un ni\u00f1o de 10 a\u00f1os en San Salvador que acaba de descubrir a Carl Sagan.&nbsp;<a href=\"https:\/\/donate.wikimedia.org\/w\/index.php?title=Special:FundraiserLandingPage&amp;country=ES&amp;uselang=es&amp;utm_medium=spontaneous&amp;utm_source=fr-redir&amp;utm_campaign=spontaneous\" target=\"_blank\" rel=\"noreferrer noopener\"><strong>MAS INFO<\/strong><\/a><\/p><p><strong>CAMPA\u00d1A NAVIDAD 12\/13 ENTREGA 1% A ONG&#8217;S<\/strong><br>Durante la campa\u00f1a de Navidad 2012-2013 entregamos el 1% de las ventas a 3 ONG con proyectos en la ayuda a ni\u2013os que o estan pasando mal por la situacion actual.<br>Herso entregaba ese 1% de sus ventas, pero era el cliente el que escogia a cual de las 3 ONG elegidas se entregaba la parte que correspondia de su compra. As\u2019 podian escoger entre CARITAS, CRUZ ROJA O UNICEF. La campa\u00f1a fue un exito y al terminar la Navidad se hizo entrega de las cantidades, repartidas tal y como habian escogido nuestro clientes.<\/p><p><strong>Asociaci\u00f3n Juvenil Miguel Fenollera.<\/strong><br>La Misi\u00f3n de la Asociaci\u00f3n MIGUEL FENOLLERA es la lucha contra la pobreza. En este camino pretendemos ayudar a ni\u00f1os y j\u00f3venes en riesgo de exclusi\u00f3n social, as\u00ed como a sus familias, trabajando principalmente en los barrios de la Estrella y la Milagrosa de Albacete, mediante la educaci\u00f3n no formal de ocio y de tiempo libre, con el objetivo de ser herramienta de prevenci\u00f3n contra las drogodependencias y la delincuencia; para ello la asociaci\u2014n usar\u00e1 el m\u00e9todo scout y el deporte, realizando un seguimiento individualizado de cada educando y buscando siempre la promoci\u2014n personal y la integraci\u00f3n social de los ni\u00f1os y j\u00f3venes, con los que trabaja. Entendemos que el trabajo digno, estable y sostenible es la clave para que las familias de nuestros asociados puedan salir de la exclusi\u00f3n social y por ello creemos en la necesidad de promover y apostar por la creaci\u00f3n de una Cooperativa de inserci\u00f3n laboral.<\/p><p><strong>Juventudes Marianas Vicencianas (JMV) &#8211; Colegio Mar\u00eda Inmaculada<\/strong><br>Campa\u00f1a Calendario solidario. Fondos recaudados para fines solidarios.<\/p><p><strong>AMAC, asociaci\u00f3n de mujeres afectadas de cancer de mama y ginecol\u00f3gico de Albacete<\/strong><br>Colaboraci\u00f3n en la carrera anual Memorial Mar\u00eda Jos\u00e9 Merlo, por la salud de la mujer.<br>Colaboraci\u00f3n en la carrera Ben\u00e9fica \u00ab60 a\u00f1os en la carrera contra el c\u00e1ncer\u00bb &#8211; 5 de octubre de 2013<\/p><p><strong>DESAYUNO SOLIDARIO AFANION<\/strong><br>La Asociaci\u00f3n de Familias de Ni\u00f1os con C\u00e1ncer en Castilla-La Mancha (Afanion) celebra su tradicional desayuno solidario en el hotel Los Llanos de Albacete. Afanion realiza este desayuno coincidiendo con el d\u00eda del sorteo de la Loter\u00eda Nacional. Ademas, en el acto tambien se aprovecha para vender papeletas y rifas para el sorteo de El Ni\u00f1o y para vender el calendario solidario que los ni\u00f1os y ni\u00f1as de la asociaci\u00f3n han realizado con fines ben\u00e9ficos.<\/p><p><strong>Regala tu m\u00f3vil&#8230; regala esperanza<\/strong><br>Inciativa solidaria llevaba a cabo por padres de enfermos con patolog\u00edas mitocondriales con el fin de recaudar fondos para la investigaci\u00f3n de nuevos f\u00e1rmacos. Los fondos se recaudan a trav\u00e9s de la recogida de m\u00f3viles viejos.<\/p><p><strong>OPERACI\u00d3N BOCATA &#8211; Asociaci\u00f3n Juvenil Operaci\u00f3n Bocata<\/strong><br>Evento solidario destinado a recaudar fondos para actividades ben\u00e9ficas en la lucha contra el hambre de Manos Unidas.<\/p><p><strong>Programa de reciclaje de papel y carton \u00abAlbacete recicla\u00bb<\/strong><br>Reciclamos el 100% del papel y cart\u00f3n gracias al servicio espec\u00edfico de recogida puerta a puerta del Ayuntamiento de Albacete.<\/p><p><strong>FAMILIAS NUMEROSAS<\/strong><br>Presentando tu carnet de familia numerosa en Librer\u00eda Herso te hacemos un 5% de descuento en todas tus compras.<\/p><p><strong>Otras acciones<\/strong><br>&#8211; Venta de marcap\u00e1ginas dise\u2013ados especialmente para la asociaci\u00f3n APACEAL (Asociaci\u00f3n de padres de paral\u00edticos cerebrales)<br>&#8211; Venta de broches-mu\u2013ecas solidarias \u00abpelirrosas\u00bb de la Asociaci\u00f3n AMAC<\/p><p>Si tienes cualquier duda puedes llamarnos al 967 50 71 57 o enviar un email a herso@herso.com\n\n<\/p>","protected":false},"excerpt":{"rendered":"<p>Colaboramos con Hermandad de Donantes de Sangre de AlbaceteFirmamos un convenio con la Hermandad de Donantes, presentando tu carnet de donante te beneficias de un 5% de descuento en librer\u00eda y un 10% en papeler\u00eda.Adem\u00e1s promovemos la lectura en la sala de donaciones llevando primeros cap\u00edtulos de libros para que los donantes puedan leer all\u00ed [&hellip;]<\/p>\n","protected":false},"author":2,"featured_media":0,"parent":0,"menu_order":0,"comment_status":"closed","ping_status":"closed","template":"","meta":{"footnotes":""},"_links":{"self":[{"href":"https:\/\/osorio.libreriaherso.com\/portal\/wp-json\/wp\/v2\/pages\/98"}],"collection":[{"href":"https:\/\/osorio.libreriaherso.com\/portal\/wp-json\/wp\/v2\/pages"}],"about":[{"href":"https:\/\/osorio.libreriaherso.com\/portal\/wp-json\/wp\/v2\/types\/page"}],"author":[{"embeddable":true,"href":"https:\/\/osorio.libreriaherso.com\/portal\/wp-json\/wp\/v2\/users\/2"}],"replies":[{"embeddable":true,"href":"https:\/\/osorio.libreriaherso.com\/portal\/wp-json\/wp\/v2\/comments?post=98"}],"version-history":[{"count":1,"href":"https:\/\/osorio.libreriaherso.com\/portal\/wp-json\/wp\/v2\/pages\/98\/revisions"}],"predecessor-version":[{"id":99,"href":"https:\/\/osorio.libreriaherso.com\/portal\/wp-json\/wp\/v2\/pages\/98\/revisions\/99"}],"wp:attachment":[{"href":"https:\/\/osorio.libreriaherso.com\/portal\/wp-json\/wp\/v2\/media?parent=98"}],"curies":[{"name":"wp","href":"https:\/\/api.w.org\/{rel}","templated":true}]}}