{"id":74,"date":"2019-09-09T18:01:49","date_gmt":"2019-09-09T16:01:49","guid":{"rendered":"https:\/\/osorio.libreriaherso.com\/portal\/?page_id=74"},"modified":"2019-09-09T18:01:49","modified_gmt":"2019-09-09T16:01:49","slug":"aviso-legal","status":"publish","type":"page","link":"https:\/\/osorio.libreriaherso.com\/portal\/aviso-legal\/","title":{"rendered":"Aviso Legal"},"content":{"rendered":"<p><strong>AVISO LEGAL P\u00c1GINA WEB<\/strong><\/p><p><strong>1.- Informaci\u00f3n legal y aceptaci\u00f3n<\/strong><\/p><p><br>En cumplimiento de lo establecido en el art\u00edculo 10 de la Ley 34\/2002, de 11 de julio, de Servicios de la Sociedad de la Informaci\u00f3n y de Comercio Electr\u00f3nico (en adelante, LSSI-CE), se informa de modo expreso, preciso e inequ\u00edvoco, tanto a los destinatarios del servicio como a los \u00f3rganos competentes, de los siguientes aspectos relativos al prestador de servicios de la sociedad de la informaci\u00f3n:<br>El presente Aviso Legal regula las condiciones generales de acceso y utilizaci\u00f3n del sitio web accesible en la direcci\u00f3n URL http:\/\/www.ferreteriaplazmayor.es&nbsp;(en adelante, el sitio web), que pone a disposici\u00f3n de los usuarios de Internet, cuyos datos identificativos son:<\/p><table class=\"wp-block-table\"><tbody><tr><td>Denominaci\u00f3n Social:<\/td><td>Consorcio Comercial de Albacete S.L.<\/td><\/tr><tr><td>CIF:<\/td><td>B02258424<\/td><\/tr><tr><td>Domicilio Social:<\/td><td>Calle Dionisio Guardiola, 18 02002. Albacete<\/td><\/tr><tr><td>Tel\u00e9fono<\/td><td>967507157<\/td><\/tr><tr><td>Correo electr\u00f3nico:<\/td><td>herso@herso.com<\/td><\/tr><\/tbody><\/table><p>El presente aviso legal recoge las condiciones generales que rigen el acceso y el uso de este sitio web. El uso del sitio web implica la expresa y plena aceptaci\u00f3n de estas condiciones generales en la versi\u00f3n publicada en el momento en que el usuario acceda al mismo, sin perjuicio de las condiciones particulares que pudieran aplicarse a algunos de los servicios concretos del sitio web.<\/p><p>El acceso a la p\u00e1gina web es gratuito salvo en lo relativo al coste de la conexi\u00f3n a trav\u00e9s de la red de telecomunicaciones suministrada por el proveedor de acceso contratado por los usuarios. Determinados servicios son exclusivos para nuestros clientes y su acceso se encuentra restringido.<\/p><p>La utilizaci\u00f3n del Portal atribuye la condici\u00f3n de usuario del Portal (en adelante, el &#8216;Usuario&#8217;) e implica la aceptaci\u00f3n de todas las condiciones incluidas en este Aviso Legal. La prestaci\u00f3n del servicio del Portal tiene una duraci\u00f3n limitada al momento en el que el Usuario se encuentre conectado al Portal o a alguno de los servicios que a trav\u00e9s del mismo se facilitan. Por tanto, el Usuario debe leer atentamente el presente Aviso Legal en cada una de las ocasiones en que se proponga utilizar el Portal, ya que \u00e9ste y sus condiciones de uso recogidas en el presente Aviso Legal pueden sufrir modificaciones.<\/p><p>Algunos servicios del Portal accesibles para los usuarios de Internet o exclusivos para los clientes de Ferreter\u00eda Plaza Mayor, S.L., pueden estar sometidos a condiciones particulares, reglamentos e instrucciones que, en su caso, sustituyen, completan y\/o modifican el presente Aviso Legal y que deber\u00e1n ser aceptadas por el Usuario antes de iniciarse la prestaci\u00f3n del servicio correspondiente.<\/p><p><strong>2. Propiedad intelectual e industrial<\/strong><\/p><p>Este sitio web y los contenidos que alberga se encuentran protegidos por la legislaci\u00f3n vigente en materia de propiedad intelectual.<\/p><p>Consorcio Comercial de Albacete, S.L. es titular o licenciatario de todos los derechos de propiedad intelectual e industrial de su web, as\u00ed como de los elementos contenidos en la misma. Por ello, queda expresamente prohibida la reproducci\u00f3n, distribuci\u00f3n, comunicaci\u00f3n p\u00fablica y transformaci\u00f3n de la totalidad o parte de los contenidos de esta web, con fines comerciales, en cualquier soporte y por cualquier medio t\u00e9cnico, sin la autorizaci\u00f3n del sitio web. El usuario se compromete a respetar los derechos de Propiedad Intelectual e Industrial titularidad del sitio web.<\/p><p>La totalidad del sitio web, texto, software, contenidos, podcast, fotograf\u00edas, material audiovisual y gr\u00e1ficos est\u00e1 protegida por marcas, derechos de autor y otros derechos leg\u00edtimos, de acuerdo con los tratados internacionales en los que Espa\u00f1a es parte y otros derechos de propiedad y leyes de Espa\u00f1a.<\/p><p>El sitio web, proporciona enlaces a otros sitios web y contenidos que son propiedad de terceros.<\/p><p>El \u00fanico objeto de los enlaces es proporcionar al usuario la posibilidad de acceder a dichos enlaces.<\/p><p>El sitio web&nbsp;no se responsabiliza en ning\u00fan caso de los resultados que puedan derivarse al usuario por acceso a dichos enlaces.<\/p><p>El usuario que se proponga establecer cualquier dispositivo t\u00e9cnico de enlace desde su sitio web a sitio web deber\u00e1 obtener la autorizaci\u00f3n previa y escrita de sitio web. El establecimiento del enlace no implica en ning\u00fan caso la existencia de relaciones entre el sitio web y el propietario del sitio en el que se establezca el enlace, ni la aceptaci\u00f3n o aprobaci\u00f3n por parte del sitio web de sus contenidos o servicios.<\/p><p><strong>3. Condiciones de uso del portal<\/strong><\/p><p><strong>3.1 General<\/strong><\/p><p>El Usuario se obliga a hacer un uso correcto del Portal de conformidad con la Ley y el presente Aviso Legal. El Usuario responder\u00e1 frente a Librer\u00eda Herso o frente a terceros, de cualesquiera da\u00f1os y perjuicios que pudieran causarse como consecuencia del incumplimiento de dicha obligaci\u00f3n.<\/p><p>Queda expresamente prohibido el uso del Portal con fines lesivos de bienes o intereses de Consorcio Comercial de Albacete S.L. o de terceros o que de cualquier otra forma sobrecarguen, da\u00f1en o inutilicen las redes, servidores y dem\u00e1s equipos inform\u00e1ticos (hardware) o productos y aplicaciones inform\u00e1ticas (software) de Libreria Herso o de terceros.<\/p><p><strong>3.2 Contenidos<\/strong><\/p><p>El Usuario se compromete a utilizar los Contenidos de conformidad con la Ley y el presente Aviso Legal, as\u00ed como con las dem\u00e1s condiciones, reglamentos e instrucciones que en su caso pudieran ser de aplicaci\u00f3n de conformidad con lo dispuesto en la cl\u00e1usula 1.<\/p><p>Con car\u00e1cter meramente enunciativo, el Usuario de acuerdo con la legislaci\u00f3n vigente deber\u00e1 abstenerse de:<\/p><ul><li>Reproducir, copiar, distribuir, poner a disposici\u00f3n, comunicar p\u00fablicamente, transformar o modificar los Contenidos salvo en los casos autorizados en la ley o expresamente consentidos por Libreria Herso. o por quien ostente la titularidad de los derechos de explotaci\u00f3n en su caso.<\/li><li>Reproducir o copiar para uso privado los Contenidos que puedan ser considerados como Software o Base de Datos de conformidad con la legislaci\u00f3n vigente en materia de propiedad intelectual, as\u00ed como su comunicaci\u00f3n p\u00fablica o puesta a disposici\u00f3n de terceros cuando estos actos impliquen necesariamente la reproducci\u00f3n por parte del Usuario o de un tercero.<\/li><li>Extraer y\/o reutilizar la totalidad o una parte sustancial de los Contenidos integrantes del Portal as\u00ed como de las bases de datos que Librer\u00eda Herso. pongan a disposici\u00f3n de los Usuarios.<\/li><\/ul><p><strong>3.3 Introducci\u00f3n de enlaces al Portal<\/strong><\/p><p>El usuario de Internet que quiera introducir enlaces desde sus propias p\u00e1ginas web al Portal deber\u00e1 cumplir con las condiciones que se detallan a continuaci\u00f3n sin que el desconocimiento de las mismas evite las responsabilidades derivadas de la Ley:<\/p><ul><li>El enlace \u00fanicamente vincular\u00e1 con la home page o p\u00e1gina principal del Portal, pero no podr\u00e1 reproducirla de ninguna forma (online links, copia de los textos, gr\u00e1ficos, etc).<\/li><li>Quedar\u00e1 en todo caso prohibido, de acuerdo con la legislaci\u00f3n aplicable y vigente en cada momento, establecer frames o marcos de cualquier tipo que envuelvan al Portal o permitan la visualizaci\u00f3n de los Contenidos a trav\u00e9s de direcciones de Internet distintas a las del Portal y, en cualquier caso, cuando se visualicen conjuntamente con contenidos ajenos al Portal de forma que: (I) produzca, o pueda producir, error, confusi\u00f3n o enga\u00f1o en los usuarios sobre la verdadera procedencia del servicio o Contenidos; (II) suponga un acto de comparaci\u00f3n o imitaci\u00f3n desleal; (III) sirva para aprovechar la reputaci\u00f3n de la marca y prestigio de&nbsp;Librer\u00eda Herso.; o (IV) de cualquier otra forma resulte prohibido por la legislaci\u00f3n vigente.<\/li><li>No se realizar\u00e1n desde la p\u00e1gina que introduce el enlace ning\u00fan tipo de manifestaci\u00f3n falsa, inexacta o incorrecta sobre&nbsp;Librer\u00eda Herso, sus socios, empleados, clientes o sobre la calidad de los servicios que presta.<\/li><li>En ning\u00fan caso, se expresar\u00e1 en la p\u00e1gina donde se ubique el enlace que&nbsp;Librer\u00eda Herso&nbsp;ha prestado su consentimiento para la inserci\u00f3n del enlace o que de otra forma patrocina, colabora, verifica o supervisa los servicios del remitente.<\/li><li>Est\u00e1 prohibida la utilizaci\u00f3n de cualquier marca denominativa, gr\u00e1fica o mixta o cualquier otro signo distintivo de&nbsp;Herso&nbsp;dentro de la p\u00e1gina del remitente salvo en los casos permitidos por la ley o expresamente autorizados por&nbsp;Herso&nbsp;y siempre que se permita, en estos casos, un enlace directo con el Portal en la forma establecida en esta cl\u00e1usula.<\/li><li>La p\u00e1gina que establezca el enlace deber\u00e1 cumplir fielmente con la ley y no podr\u00e1 en ning\u00fan caso disponer o enlazar con contenidos propios o de terceros que: (I) sean il\u00edcitos, nocivos o contrarios a la moral y a las buenas costumbres (pornogr\u00e1ficos, violentos, racistas, etc.); (II) induzcan o puedan inducir en el Usuario la falsa concepci\u00f3n de que&nbsp;Herso&nbsp;suscribe, respalda, se adhiere o de cualquier manera apoya, las ideas, manifestaciones o expresiones, l\u00edcitas o il\u00edcitas, del remitente; (III) resulten inapropiados o no pertinentes con la actividad de&nbsp;Herso&nbsp;en atenci\u00f3n al lugar, contenidos y tem\u00e1tica de la p\u00e1gina web del remitente.<\/li><\/ul><p><strong>4. Exclusi\u00f3n de responsabilidad<\/strong><\/p><p><strong>4.1 De la Informaci\u00f3n<\/strong><\/p><ul><li>El acceso al Portal no implica la obligaci\u00f3n por parte de&nbsp;Herso&nbsp;de comprobar la veracidad, exactitud, adecuaci\u00f3n, idoneidad, exhaustividad y actualidad de la informaci\u00f3n suministrada a trav\u00e9s del mismo. Los contenidos de esta p\u00e1gina son de car\u00e1cter general y no constituyen, en modo alguno, la prestaci\u00f3n de un servicio de asesoramiento legal o de ning\u00fan tipo, por lo que dicha informaci\u00f3n resulta insuficiente para la toma de decisiones personales o empresariales por parte del Usuario.<\/li><li>Herso&nbsp;no se responsabiliza de las decisiones tomadas a partir de la informaci\u00f3n suministrada en el Portal ni de los da\u00f1os y perjuicios producidos en el Usuario o terceros con motivo de actuaciones que tengan como \u00fanico fundamento la informaci\u00f3n obtenida en el Portal.<\/li><\/ul><p><strong>4.2 De la calidad del servicio<\/strong><\/p><ul><li>El acceso al Portal no implica la obligaci\u00f3n por parte de&nbsp;Herso&nbsp;de controlar la ausencia de virus, gusanos o cualquier otro elemento inform\u00e1tico da\u00f1ino. Corresponde al Usuario, en todo caso, la disponibilidad de herramientas adecuadas para la detecci\u00f3n y desinfecci\u00f3n de programas inform\u00e1ticos da\u00f1inos.<\/li><li>Herso&nbsp;no se responsabiliza de los da\u00f1os producidos en los equipos inform\u00e1ticos de los Usuarios o de terceros durante la prestaci\u00f3n del servicio del Portal.<\/li><\/ul><p><strong>4.3 De la disponibilidad del Servicio<\/strong><\/p><ul><li>El acceso al Portal requiere de servicios y suministros de terceros, incluidos el transporte a trav\u00e9s de redes de telecomunicaciones cuya fiabilidad, calidad, continuidad y funcionamiento no corresponde a&nbsp;Herso.&nbsp;Por consiguiente, los servicios prove\u00eddos a trav\u00e9s del Portal pueden ser suspendidos, cancelados o resultar inaccesibles, con car\u00e1cter previo o simult\u00e1neo a la prestaci\u00f3n del servicio del Portal.<\/li><li>Herso&nbsp;no se responsabiliza de los da\u00f1os o perjuicios de cualquier tipo producidos en el Usuario que traigan causa de fallos o desconexiones en las redes de telecomunicaciones que produzcan la suspensi\u00f3n, cancelaci\u00f3n o interrupci\u00f3n del servicio del Portal durante la prestaci\u00f3n del mismo o con car\u00e1cter previo.<\/li><\/ul><p><strong>4.4 De los contenidos y servicios enlazados a trav\u00e9s del Portal<\/strong><\/p><ul><li>El servicio de acceso al Portal incluye dispositivos t\u00e9cnicos de enlace, directorios e incluso instrumentos de b\u00fasqueda que permiten al Usuario acceder a otras p\u00e1ginas y portales de Internet (en adelante, &#8216;Sitios Enlazados&#8217;). En estos casos,&nbsp;Herso&nbsp;act\u00faa como prestador de servicios de intermediaci\u00f3n de conformidad con el art\u00edculo 17 de la Ley 34\/2002, de 12 de julio, de Servicios de la Sociedad de la Informaci\u00f3n y el Comercio Electr\u00f3nico (LSSI) y s\u00f3lo ser\u00e1 responsable de los contenidos y servicios suministrados en los Sitios Enlazados en la medida en que tenga conocimiento efectivo de la ilicitud y no haya desactivado el enlace con la diligencia debida. En el supuesto de que el Usuario considere que existe un Sitio Enlazado con contenidos il\u00edcitos o inadecuados podr\u00e1 comunic\u00e1rselo a&nbsp;Herso&nbsp;de acuerdo con el procedimiento y los efectos establecidos en la cl\u00e1usula 6, sin que en ning\u00fan caso esta comunicaci\u00f3n conlleve la obligaci\u00f3n de retirar el correspondiente enlace.<\/li><li>En ning\u00fan caso, la existencia de Sitios Enlazados debe presuponer la existencia de acuerdos con los responsables o titulares de los mismos, ni la recomendaci\u00f3n, promoci\u00f3n o identificaci\u00f3n de&nbsp;Herso&nbsp;con las manifestaciones, contenidos o servicios prove\u00eddos.<\/li><li>Herso no conoce los contenidos y servicios de los Sitios Enlazados y por tanto no se hace responsable por los da\u00f1os producidos por la ilicitud, calidad, desactualizaci\u00f3n, indisponibilidad, error e inutilidad de los contenidos y\/o servicios de los Sitios Enlazados ni por cualquier otro da\u00f1o que no sea directamente imputable a&nbsp;Herso.<\/li><\/ul><p><strong>5. Comunicaci\u00f3n de actividades de car\u00e1cter il\u00edcito e inadecuado<\/strong><\/p><p>En el caso de que el Usuario o cualquier otro usuario de Internet tuvieran conocimiento de que los Sitios Enlazados remiten a p\u00e1ginas cuyos contenidos o servicios son il\u00edcitos, nocivos, denigrantes, violentos o contrarios a la moral podr\u00e1 ponerse en contacto con Librer\u00eda Herso indicando los siguientes extremos:<\/p><ul><li>Datos personales del comunicante: nombre, direcci\u00f3n, n\u00famero de tel\u00e9fono y direcci\u00f3n de correo electr\u00f3nico;<\/li><li>Descripci\u00f3n de los hechos que revelan el car\u00e1cter il\u00edcito o inadecuado del Sitio Enlazado;<\/li><li>En el supuesto de violaci\u00f3n de derechos, tales como propiedad intelectual e industrial, los datos personales del titular del derecho infringido cuando sea persona distinta del comunicante.<\/li><li>Asimismo, deber\u00e1 aportar el t\u00edtulo que acredite la legitimaci\u00f3n del titular de los derechos y, en su caso, el de representaci\u00f3n para actuar por cuenta del titular cuando sea persona distinta del comunicante;<\/li><li>Declaraci\u00f3n expresa de que la informaci\u00f3n contenida en la reclamaci\u00f3n es exacta.<\/li><\/ul><p>La recepci\u00f3n por parte de Librer\u00eda Herso de la comunicaci\u00f3n prevista en esta cl\u00e1usula no supondr\u00e1, seg\u00fan lo dispuesto en la LSSI, el conocimiento efectivo de las actividades y\/o contenidos indicados por el comunicante.<\/p><p>Asimismo, deber\u00e1 aportar el t\u00edtulo que acredite la legitimaci\u00f3n del titular de los derechos y, en su caso, el de representaci\u00f3n para actuar por cuenta del titular cuando sea persona distinta del comunicante; Declaraci\u00f3n expresa de que la informaci\u00f3n contenida en la reclamaci\u00f3n es exacta.<br>&nbsp;<\/p><p><strong>6. Notificaciones<\/strong><\/p><p>Todas las notificaciones y comunicaciones realizadas por las partes ser\u00e1n v\u00e1lidas de conformidad con los medios admitidos en Derecho. Las relativas al presente Portal se considerar\u00e1n eficaces, a todos los efectos, si se realizan a trav\u00e9s del propio Portal.<\/p><p><strong>7. Modificaciones<\/strong><\/p><p>Librer\u00eda Herso se reserva el derecho de efectuar sin previo aviso las modificaciones que considere oportunas en su web, pudiendo cambiar, suprimir o a\u00f1adir tanto los contenidos y servicios que se presten a trav\u00e9s de esta como la forma en la que \u00e9stos aparezcan presentados.<\/p><p>Por otro lado, los presentes t\u00e9rminos y condiciones podr\u00e1n cambiar en cualquier momento. Las modificaciones entrar\u00e1n en vigor desde el momento de su publicaci\u00f3n.<\/p><p>&nbsp;<strong>8. Legislaci\u00f3n<\/strong><\/p><p>El presente Aviso Legal se rige en todos y cada uno de sus extremos por la ley espa\u00f1ola Siempre y cuando la Ley aplicable permita la renuncia al fuero legal establecido,&nbsp;se designa como fuero para dirimir posibles disputas, los juzgados de&nbsp;Albacete, renunciando expresamente el usuario a cualquier otro fuero que pudiera corresponder.<\/p><p><strong>Resoluci\u00f3n de litigios en l\u00ednea conforme al Art. 14.1 del Reglamento (UE) 524\/2013<\/strong>: La Comisi\u00f3n Europea facilita una plataforma de resoluci\u00f3n de litigios en l\u00ednea, la cual se encuentra disponible en el siguiente enlace:&nbsp;<a href=\"http:\/\/ec.europa.eu\/consumers\/odr\/\">http:\/\/ec.europa.eu\/consumers\/odr\/<\/a>.<\/p><p><strong>Para m\u00e1s informaci\u00f3n sobre los datos personales qu\u00e9 recabamos, lea la pol\u00edtica de privacidad.<\/strong><\/p><p><strong>INFORMACI\u00d3N SOBRE PROTECCI\u00d3N DE DATOS EN CUMPLIMIENTO DE LO ESTABLECIDO EN EL REGLAMENTO (UE) 2016\/679<\/strong><\/p><p>Responsable: Identidad:&nbsp;Consorcio Comercial de Albacete S.L..&nbsp;CIF:&nbsp;B02258424&nbsp;y direcci\u00f3n postal:&nbsp;Calle Dionisio Guardiola, 18. CP: 02002. Albacete. Tel\u00e9fono:&nbsp;967507157&nbsp;Correo electr\u00f3nico:&nbsp;herso@herso.com<\/p><p>\u2022La informaci\u00f3n que nos facilita ser\u00e1 utilizada con el fin de mantenerle informado de las distintas vacantes a un puesto de trabajo que se produzcan en nuestra organizaci\u00f3n e incluirle en los procesos de selecci\u00f3n.<\/p><p>\u2022Sus datos personales se conservar\u00e1n mientras se mantenga la finalidad para la que han sido recabados. Cuando ya no sea necesario para tal fin, mantendremos bloqueados aquellos datos que puedan resultar necesarios durante los plazos legalmente establecidos para atender cualquier cuesti\u00f3n relativa a su tratamiento quedando a disposici\u00f3n exclusiva de Jueces y Tribunales, el Ministerio Fiscal o las Administraciones P\u00fablicas competentes. Cumplido el citado plazo&nbsp;Ferreter\u00eda Plaza Mayor, S.L.&nbsp;eliminar\u00e1 los datos de forma segura.<\/p><p>\u2022Los datos podr\u00e1n cederse a ETT\u00b4S y consultoras para cumplir con la finalidad anteriormente descrita.<\/p><p>\u2022S\u00f3lo el personal debidamente autorizado podr\u00e1 tratar la informaci\u00f3n que nos facilita. \u2022Asimismo, usted se compromete a comunicarnos, junto con la fotocopia del DNI, aquellos cambios que se produzcan respecto a la informaci\u00f3n obrante en el Curr\u00edculum Vitae, de forma que podamos cumplir con la finalidad descrita anteriormente.<\/p><p>\u2022Usted tiene derecho a o ejercitar, en cualquier momento, sus derechos de acceso, rectificaci\u00f3n, supresi\u00f3n, oposici\u00f3n, olvido y a la portabilidad de los datos, dirigi\u00e9ndose por escrito a:&nbsp;Libreria Herso.&nbsp;con direcci\u00f3n en&nbsp;Calle Dionisio Guardiola, N\u00ba 18. CP: 02002. Albacete&nbsp;o&nbsp;herso@herso.com, adjuntando fotocopia de su Documento de Identidad. Adem\u00e1s, podr\u00e1 ejercitar el derecho ante la Autoridad de Control dirigi\u00e9ndose a AGENCIA ESPA\u00d1OLA DE PROTECCI\u00d3N DE DATOS. CALLE JORGE JUAN, N16. CP:28001- MADRID.<\/p><h4 class=\"wp-block-heading\">Informaci\u00f3n relacionada con la resoluci\u00f3n de disputa en l\u00ednea del Art. 14, p\u00e1rr. 1 del ODR (Regulaci\u00f3n de resoluci\u00f3n de disputa en l\u00ednea):<\/h4><p>La Comisi\u00f3n Europea ofrece a los consumidores la oportunidad de resolver disputas en l\u00ednea conforme al Art. 14, p\u00e1rr. 1 del ODR en una de sus plataformas. La plataforma (<a href=\"http:\/\/ec.europa.eu\/consumers\/odr\" target=\"_blank\" rel=\"noreferrer noopener\">http:\/\/ec.europa.eu\/consumers\/odr<\/a>) sirve como web en la que los consumidores pueden intentar llegar a acuerdos sin ir a juicio relacionados con las disputas que surjan en las compras y contratos de servicios en l\u00ednea.<br><\/p>","protected":false},"excerpt":{"rendered":"<p>AVISO LEGAL P\u00c1GINA WEB 1.- Informaci\u00f3n legal y aceptaci\u00f3n En cumplimiento de lo establecido en el art\u00edculo 10 de la Ley 34\/2002, de 11 de julio, de Servicios de la Sociedad de la Informaci\u00f3n y de Comercio Electr\u00f3nico (en adelante, LSSI-CE), se informa de modo expreso, preciso e inequ\u00edvoco, tanto a los destinatarios del servicio [&hellip;]<\/p>\n","protected":false},"author":2,"featured_media":0,"parent":0,"menu_order":0,"comment_status":"closed","ping_status":"closed","template":"","meta":{"footnotes":""},"_links":{"self":[{"href":"https:\/\/osorio.libreriaherso.com\/portal\/wp-json\/wp\/v2\/pages\/74"}],"collection":[{"href":"https:\/\/osorio.libreriaherso.com\/portal\/wp-json\/wp\/v2\/pages"}],"about":[{"href":"https:\/\/osorio.libreriaherso.com\/portal\/wp-json\/wp\/v2\/types\/page"}],"author":[{"embeddable":true,"href":"https:\/\/osorio.libreriaherso.com\/portal\/wp-json\/wp\/v2\/users\/2"}],"replies":[{"embeddable":true,"href":"https:\/\/osorio.libreriaherso.com\/portal\/wp-json\/wp\/v2\/comments?post=74"}],"version-history":[{"count":4,"href":"https:\/\/osorio.libreriaherso.com\/portal\/wp-json\/wp\/v2\/pages\/74\/revisions"}],"predecessor-version":[{"id":80,"href":"https:\/\/osorio.libreriaherso.com\/portal\/wp-json\/wp\/v2\/pages\/74\/revisions\/80"}],"wp:attachment":[{"href":"https:\/\/osorio.libreriaherso.com\/portal\/wp-json\/wp\/v2\/media?parent=74"}],"curies":[{"name":"wp","href":"https:\/\/api.w.org\/{rel}","templated":true}]}}