{"id":38,"date":"2019-09-05T19:02:01","date_gmt":"2019-09-05T17:02:01","guid":{"rendered":"https:\/\/osorio.libreriaherso.com\/portal\/?page_id=38"},"modified":"2019-09-09T18:56:14","modified_gmt":"2019-09-09T16:56:14","slug":"nuestra-tienda","status":"publish","type":"page","link":"https:\/\/osorio.libreriaherso.com\/portal\/nuestra-tienda\/","title":{"rendered":"Quienes somos"},"content":{"rendered":"<p>A principios de los a\u00f1os 40 del pasado siglo inicia Herso su andadura. Al principio con un local de 50m, en la esquina de Tesifonte Gallego con Dionisio Guardiola; hasta hoy llamado clafl\u00e1n de Herso.<\/p><p>En sus inicios la actividad principal se centraba en la venta de libros, material escolar y taller de encuadernaci\u00f3n, con el que se consiguieron premios a nivel nacional. Pasaron los a\u00f1os y Albacete comenz\u00f3 a crecer. En los sesenta se hizo una profunda reforma al local, ampli\u00e1ndolo, y en los ochenta se abrieron dos nuevos establecimientos: uno dedicado a libros y otro a papeler\u00eda.<\/p><p>Actualmente contamos con dos superficies de venta al p\u00fablico que suman m\u00e1s de 900 m, divididos en dos plantas, y unos almacenes para la venta al por mayor de oficinas y empresas.<br><\/p><div class=\"wp-block-image\"><figure class=\"aligncenter\"><img loading=\"lazy\" decoding=\"async\" width=\"350\" height=\"233\" src=\"https:\/\/osorio.libreriaherso.com\/portal\/wp-content\/uploads\/2019\/09\/about_libreria.jpg\" alt=\"\" class=\"wp-image-94\" srcset=\"https:\/\/osorio.libreriaherso.com\/portal\/wp-content\/uploads\/2019\/09\/about_libreria.jpg 350w, https:\/\/osorio.libreriaherso.com\/portal\/wp-content\/uploads\/2019\/09\/about_libreria-300x200.jpg 300w\" sizes=\"(max-width: 350px) 100vw, 350px\" \/><figcaption>Librer\u00eda Herso Albacete<\/figcaption><\/figure><\/div><p><strong>Direcciones y horarios<\/strong>:<\/p><p><strong>Librer\u00eda Herso<\/strong><br>C\/Dionisio Guardiola 18<br>02002 Albacete<br>Telf.: +34 967 50 71 57<br>Fax.:+34 967 22 16 17<br><a href=\"mailto:herso@herso.com\">herso@herso.com<\/a><\/p><p>INVIERNO<br>Lunes a Viernes de 9.45 a 1.30 y de 4.45 a 8.30<br>S\u00e1bados 10.15 a 1.45 y 5.30 a 8.30<br>VERANO<br>Lunes a Viernes de 9.45 a 1.30 y de 5 a 8.45<br>S\u00e1bados 10.15 a 1.45 &#8211; Tardes cerrado a partir del 26 de junio hasta el 18 de septiembre<\/p>","protected":false},"excerpt":{"rendered":"<p>A principios de los a\u00f1os 40 del pasado siglo inicia Herso su andadura. Al principio con un local de 50m, en la esquina de Tesifonte Gallego con Dionisio Guardiola; hasta hoy llamado clafl\u00e1n de Herso. En sus inicios la actividad principal se centraba en la venta de libros, material escolar y taller de encuadernaci\u00f3n, con [&hellip;]<\/p>\n","protected":false},"author":1,"featured_media":0,"parent":0,"menu_order":0,"comment_status":"closed","ping_status":"closed","template":"","meta":{"footnotes":""},"_links":{"self":[{"href":"https:\/\/osorio.libreriaherso.com\/portal\/wp-json\/wp\/v2\/pages\/38"}],"collection":[{"href":"https:\/\/osorio.libreriaherso.com\/portal\/wp-json\/wp\/v2\/pages"}],"about":[{"href":"https:\/\/osorio.libreriaherso.com\/portal\/wp-json\/wp\/v2\/types\/page"}],"author":[{"embeddable":true,"href":"https:\/\/osorio.libreriaherso.com\/portal\/wp-json\/wp\/v2\/users\/1"}],"replies":[{"embeddable":true,"href":"https:\/\/osorio.libreriaherso.com\/portal\/wp-json\/wp\/v2\/comments?post=38"}],"version-history":[{"count":5,"href":"https:\/\/osorio.libreriaherso.com\/portal\/wp-json\/wp\/v2\/pages\/38\/revisions"}],"predecessor-version":[{"id":115,"href":"https:\/\/osorio.libreriaherso.com\/portal\/wp-json\/wp\/v2\/pages\/38\/revisions\/115"}],"wp:attachment":[{"href":"https:\/\/osorio.libreriaherso.com\/portal\/wp-json\/wp\/v2\/media?parent=38"}],"curies":[{"name":"wp","href":"https:\/\/api.w.org\/{rel}","templated":true}]}}